{"id":1988,"date":"2023-04-20T14:44:36","date_gmt":"2023-04-20T12:44:36","guid":{"rendered":"https:\/\/bytrafikk.org\/?page_id=1988"},"modified":"2023-09-04T11:18:51","modified_gmt":"2023-09-04T09:18:51","slug":"om-oss","status":"publish","type":"page","link":"https:\/\/bytrafikk.org\/?page_id=1988","title":{"rendered":"Om nettstedet"},"content":{"rendered":"\n<p><\/p>\n\n\n\n<p>Nettstedet drives av <strong>Sekretariatet for bytrafikk<\/strong>.\u00a0Vi er en organisasjon som har som form\u00e5l \u00e5 presentere informasjon og gi r\u00e5d om gode milj\u00f8- og transportl\u00f8sninger i urbane str\u00f8k.<\/p>\n\n\n\n<p>V\u00e5rt nettsted oppdateres jevnlig . Vi&nbsp;legger ut l\u00f8pende informasjon der vi blant annet dr\u00f8fter utviklingen av&nbsp;Oslos framtidige kollektivtransportsystem.<\/p>\n\n\n\n<p>Vi \u00f8nsker \u00e5 se alle kollektivtransportmidler i sammenheng \u2014&nbsp;trikk, buss, bane, b\u00e5t og lokaltog, samt alternative nyvinninger, med deres styrker&nbsp;og svakheter. Vi \u00f8nsker ogs\u00e5 \u00e5 se kollektivtransportens rolle i sammenheng med bytrafikkens \u00f8vrige akt\u00f8rer, privatbilene, nyttetrafikken, fotgjengerne og syklistene. Derfor har vi valgt navnet Bytrafikk.<\/p>\n\n\n\n<p>Sekretariatet for bytrafikk er&nbsp;ikke knyttet&nbsp;til noen politisk organisasjon, og representerer ikke noen farge i det politiske landskap. Vi mottar heller ingen pengest\u00f8tte, hverken&nbsp;fra det private eller offentlige. Vi som bidrar i Sekretariatet for bytrafikk har jobbet i mange \u00e5r i forskjellige roller knyttet til samferdsel,&nbsp;og vi \u00f8nsker at byer skal v\u00e6re&nbsp;et godt sted \u00e5 leve.<\/p>\n\n\n\n<p>V\u00e5rt prim\u00e6re m\u00e5l er at kollektivtransporten styrkes.&nbsp; F\u00f8lg med p\u00e5 nettstedet \u2013 og hold deg oppdatert om hva som skjer innen kollektivtrafikken!<\/p>\n\n\n\n<p><strong>Nettredakt\u00f8r:<\/strong><br>Arne Harstad<\/p>\n\n\n\n<p><\/p>\n\n\n\n<p class=\"has-medium-font-size\"><strong>Kontakt oss gjerne<\/strong><br><br>E-post:&nbsp;<a href=\"mailto:post@bytrafikk.org\">post@bytrafikk.org<\/a><br>Mobil: +47 948 31 834<\/p>\n\n\n\n<p><strong>Postadresse:<\/strong><br>Sekretariatet for bytrafikk<br>Postboks 30 Tveita<br>0617 OSLO<\/p>\n\n\n\n<p>Organisasjonsnummer.: 985 224 587<\/p>\n\n\n\n<p><\/p>\n","protected":false},"excerpt":{"rendered":"<p>Nettstedet drives av Sekretariatet for bytrafikk.\u00a0Vi er en organisasjon som har som form\u00e5l \u00e5 presentere informasjon og gi r\u00e5d om gode milj\u00f8- og transportl\u00f8sninger i urbane str\u00f8k. V\u00e5rt nettsted oppdateres&hellip;<\/p>\n","protected":false},"author":1,"featured_media":0,"parent":0,"menu_order":0,"comment_status":"closed","ping_status":"closed","template":"","meta":{"footnotes":""},"class_list":["post-1988","page","type-page","status-publish","hentry"],"magazineBlocksPostFeaturedMedia":{"thumbnail":false,"medium":false,"medium_large":false,"large":false,"1536x1536":false,"2048x2048":false},"magazineBlocksPostAuthor":{"name":"admin","avatar":"https:\/\/secure.gravatar.com\/avatar\/774feed421c4fa0202ad79979f56b3b238d9fb7d653dbf2962fa1e19d3c03c3f?s=96&d=mm&r=g"},"magazineBlocksPostCommentsNumber":false,"magazineBlocksPostExcerpt":"Nettstedet drives av Sekretariatet for bytrafikk.\u00a0Vi er en organisasjon som har som form\u00e5l \u00e5 presentere informasjon og gi r\u00e5d om gode milj\u00f8- og transportl\u00f8sninger i urbane str\u00f8k. V\u00e5rt nettsted oppdateres&hellip;","magazineBlocksPostCategories":[],"_links":{"self":[{"href":"https:\/\/bytrafikk.org\/index.php?rest_route=\/wp\/v2\/pages\/1988","targetHints":{"allow":["GET"]}}],"collection":[{"href":"https:\/\/bytrafikk.org\/index.php?rest_route=\/wp\/v2\/pages"}],"about":[{"href":"https:\/\/bytrafikk.org\/index.php?rest_route=\/wp\/v2\/types\/page"}],"author":[{"embeddable":true,"href":"https:\/\/bytrafikk.org\/index.php?rest_route=\/wp\/v2\/users\/1"}],"replies":[{"embeddable":true,"href":"https:\/\/bytrafikk.org\/index.php?rest_route=%2Fwp%2Fv2%2Fcomments&post=1988"}],"version-history":[{"count":8,"href":"https:\/\/bytrafikk.org\/index.php?rest_route=\/wp\/v2\/pages\/1988\/revisions"}],"predecessor-version":[{"id":2382,"href":"https:\/\/bytrafikk.org\/index.php?rest_route=\/wp\/v2\/pages\/1988\/revisions\/2382"}],"wp:attachment":[{"href":"https:\/\/bytrafikk.org\/index.php?rest_route=%2Fwp%2Fv2%2Fmedia&parent=1988"}],"curies":[{"name":"wp","href":"https:\/\/api.w.org\/{rel}","templated":true}]}}